{"id":3595,"date":"2026-03-25T09:01:46","date_gmt":"2026-03-25T07:01:46","guid":{"rendered":"https:\/\/nvkokdarbi.lv\/?post_type=product&#038;p=3595"},"modified":"2026-03-25T09:01:47","modified_gmt":"2026-03-25T07:01:47","slug":"putnu-buris-noverosanas-kamera","status":"publish","type":"product","link":"https:\/\/nvkokdarbi.lv\/en\/product\/putnu-buris-noverosanas-kamera\/","title":{"rendered":"Putnu b\u016bris-nov\u0113ro\u0161anas kamera"},"content":{"rendered":"","protected":false},"excerpt":{"rendered":"","protected":false},"featured_media":3591,"template":"","meta":{"_monsterinsights_skip_tracking":false,"_monsterinsights_sitenote_active":false,"_monsterinsights_sitenote_note":"","_monsterinsights_sitenote_category":0},"product_brand":[],"product_cat":[32],"product_tag":[],"class_list":{"0":"post-3595","1":"product","2":"type-product","3":"status-publish","4":"has-post-thumbnail","6":"product_cat-putnu-barotavas","8":"first","9":"instock","10":"purchasable","11":"product-type-simple"},"aioseo_notices":[],"_links":{"self":[{"href":"https:\/\/nvkokdarbi.lv\/en\/wp-json\/wp\/v2\/product\/3595","targetHints":{"allow":["GET"]}}],"collection":[{"href":"https:\/\/nvkokdarbi.lv\/en\/wp-json\/wp\/v2\/product"}],"about":[{"href":"https:\/\/nvkokdarbi.lv\/en\/wp-json\/wp\/v2\/types\/product"}],"wp:featuredmedia":[{"embeddable":true,"href":"https:\/\/nvkokdarbi.lv\/en\/wp-json\/wp\/v2\/media\/3591"}],"wp:attachment":[{"href":"https:\/\/nvkokdarbi.lv\/en\/wp-json\/wp\/v2\/media?parent=3595"}],"wp:term":[{"taxonomy":"product_brand","embeddable":true,"href":"https:\/\/nvkokdarbi.lv\/en\/wp-json\/wp\/v2\/product_brand?post=3595"},{"taxonomy":"product_cat","embeddable":true,"href":"https:\/\/nvkokdarbi.lv\/en\/wp-json\/wp\/v2\/product_cat?post=3595"},{"taxonomy":"product_tag","embeddable":true,"href":"https:\/\/nvkokdarbi.lv\/en\/wp-json\/wp\/v2\/product_tag?post=3595"}],"curies":[{"name":"wp","href":"https:\/\/api.w.org\/{rel}","templated":true}]}}