{"id":3571,"date":"2025-12-10T20:35:54","date_gmt":"2025-12-10T18:35:54","guid":{"rendered":"https:\/\/nvkokdarbi.lv\/?post_type=product&#038;p=3571"},"modified":"2025-12-10T20:35:54","modified_gmt":"2025-12-10T18:35:54","slug":"plumes-koka-salvesu-turetajs","status":"publish","type":"product","link":"https:\/\/nvkokdarbi.lv\/en\/product\/plumes-koka-salvesu-turetajs\/","title":{"rendered":"Pl\u016bmes koka salve\u0161u tur\u0113t\u0101js"},"content":{"rendered":"","protected":false},"excerpt":{"rendered":"","protected":false},"featured_media":3561,"template":"","meta":{"_monsterinsights_skip_tracking":false,"_monsterinsights_sitenote_active":false,"_monsterinsights_sitenote_note":"","_monsterinsights_sitenote_category":0},"product_brand":[],"product_cat":[47],"product_tag":[],"class_list":{"0":"post-3571","1":"product","2":"type-product","3":"status-publish","4":"has-post-thumbnail","6":"product_cat-salvesu-turetaji","8":"first","9":"instock","10":"purchasable","11":"product-type-simple"},"aioseo_notices":[],"_links":{"self":[{"href":"https:\/\/nvkokdarbi.lv\/en\/wp-json\/wp\/v2\/product\/3571","targetHints":{"allow":["GET"]}}],"collection":[{"href":"https:\/\/nvkokdarbi.lv\/en\/wp-json\/wp\/v2\/product"}],"about":[{"href":"https:\/\/nvkokdarbi.lv\/en\/wp-json\/wp\/v2\/types\/product"}],"wp:featuredmedia":[{"embeddable":true,"href":"https:\/\/nvkokdarbi.lv\/en\/wp-json\/wp\/v2\/media\/3561"}],"wp:attachment":[{"href":"https:\/\/nvkokdarbi.lv\/en\/wp-json\/wp\/v2\/media?parent=3571"}],"wp:term":[{"taxonomy":"product_brand","embeddable":true,"href":"https:\/\/nvkokdarbi.lv\/en\/wp-json\/wp\/v2\/product_brand?post=3571"},{"taxonomy":"product_cat","embeddable":true,"href":"https:\/\/nvkokdarbi.lv\/en\/wp-json\/wp\/v2\/product_cat?post=3571"},{"taxonomy":"product_tag","embeddable":true,"href":"https:\/\/nvkokdarbi.lv\/en\/wp-json\/wp\/v2\/product_tag?post=3571"}],"curies":[{"name":"wp","href":"https:\/\/api.w.org\/{rel}","templated":true}]}}