{"id":3489,"date":"2024-11-24T19:34:00","date_gmt":"2024-11-24T17:34:00","guid":{"rendered":"https:\/\/nvkokdarbi.lv\/?post_type=product&#038;p=3489"},"modified":"2024-11-24T19:49:21","modified_gmt":"2024-11-24T17:49:21","slug":"svecturis-2","status":"publish","type":"product","link":"https:\/\/nvkokdarbi.lv\/en\/product\/svecturis-2\/","title":{"rendered":"Sve\u010dturis"},"content":{"rendered":"","protected":false},"excerpt":{"rendered":"<p>Sve\u010dturis no \u010detr\u0101m da\u017e\u0101d\u0101m koku sug\u0101m.<\/p>","protected":false},"featured_media":3478,"template":"","meta":{"_monsterinsights_skip_tracking":false,"_monsterinsights_sitenote_active":false,"_monsterinsights_sitenote_note":"","_monsterinsights_sitenote_category":0},"product_brand":[],"product_cat":[46],"product_tag":[],"class_list":{"0":"post-3489","1":"product","2":"type-product","3":"status-publish","4":"has-post-thumbnail","6":"product_cat-svecturi","8":"first","9":"instock","10":"purchasable","11":"product-type-simple"},"aioseo_notices":[],"_links":{"self":[{"href":"https:\/\/nvkokdarbi.lv\/en\/wp-json\/wp\/v2\/product\/3489","targetHints":{"allow":["GET"]}}],"collection":[{"href":"https:\/\/nvkokdarbi.lv\/en\/wp-json\/wp\/v2\/product"}],"about":[{"href":"https:\/\/nvkokdarbi.lv\/en\/wp-json\/wp\/v2\/types\/product"}],"wp:featuredmedia":[{"embeddable":true,"href":"https:\/\/nvkokdarbi.lv\/en\/wp-json\/wp\/v2\/media\/3478"}],"wp:attachment":[{"href":"https:\/\/nvkokdarbi.lv\/en\/wp-json\/wp\/v2\/media?parent=3489"}],"wp:term":[{"taxonomy":"product_brand","embeddable":true,"href":"https:\/\/nvkokdarbi.lv\/en\/wp-json\/wp\/v2\/product_brand?post=3489"},{"taxonomy":"product_cat","embeddable":true,"href":"https:\/\/nvkokdarbi.lv\/en\/wp-json\/wp\/v2\/product_cat?post=3489"},{"taxonomy":"product_tag","embeddable":true,"href":"https:\/\/nvkokdarbi.lv\/en\/wp-json\/wp\/v2\/product_tag?post=3489"}],"curies":[{"name":"wp","href":"https:\/\/api.w.org\/{rel}","templated":true}]}}